{"id":2281,"date":"2022-03-16T11:03:30","date_gmt":"2022-03-16T11:03:30","guid":{"rendered":"https:\/\/www.florex.nl\/?page_id=2281"},"modified":"2023-03-11T11:33:47","modified_gmt":"2023-03-11T11:33:47","slug":"contactpersonen","status":"publish","type":"page","link":"https:\/\/www.florex.nl\/de\/contactpersonen\/","title":{"rendered":"Kontakte"},"content":{"rendered":"<div id='av_section_1'  class='avia-section av-f79mt-3609a9f2cc5690b703954abbcdc36857 main_color avia-section-default avia-no-border-styling  avia-builder-el-0  avia-builder-el-no-sibling  achtergrond_rechts contactpersonen_container avia-bg-style-scroll container_wrap fullsize'  ><div class='container av-section-cont-open' ><main  role=\"main\" itemprop=\"mainContentOfPage\"  class='template-page content  av-content-full alpha units'><div class='post-entry post-entry-type-page post-entry-2281'><div class='entry-content-wrapper clearfix'>\n<div  class='flex_column av-bqael-d2b2d20f356e413955b06a3bcc2f2ffc av_one_full  avia-builder-el-1  avia-builder-el-no-sibling  first flex_column_div  '     ><p>\n<style type=\"text\/css\" data-created_by=\"avia_inline_auto\" id=\"style-css-av-l0tgg9br-8ff7052509307ab47a741c57e03d0f82\">\n#top .av-special-heading.av-l0tgg9br-8ff7052509307ab47a741c57e03d0f82{\npadding-bottom:10px;\n}\nbody .av-special-heading.av-l0tgg9br-8ff7052509307ab47a741c57e03d0f82 .av-special-heading-tag .heading-char{\nfont-size:25px;\n}\n.av-special-heading.av-l0tgg9br-8ff7052509307ab47a741c57e03d0f82 .av-subheading{\nfont-size:15px;\n}\n<\/style>\n<div  class='av-special-heading av-l0tgg9br-8ff7052509307ab47a741c57e03d0f82 av-special-heading-h1 blockquote modern-quote  avia-builder-el-2  el_before_av_hr  avia-builder-el-first '><h1 class='av-special-heading-tag '  itemprop=\"headline\"  >Kontakte<\/h1><div class=\"special-heading-border\"><div class=\"special-heading-inner-border\"><\/div><\/div><\/div><br \/>\n\n<style type=\"text\/css\" data-created_by=\"avia_inline_auto\" id=\"style-css-av-l14t8m5i-26425823136a5e28a2713cc552ae3a1a\">\n#top .hr.hr-invisible.av-l14t8m5i-26425823136a5e28a2713cc552ae3a1a{\nheight:50px;\n}\n<\/style>\n<div  class='hr av-l14t8m5i-26425823136a5e28a2713cc552ae3a1a hr-invisible  avia-builder-el-3  el_after_av_heading  el_before_av_textblock '><span class='hr-inner '><span class=\"hr-inner-style\"><\/span><\/span><\/div><br \/>\n<section  class='av_textblock_section av-l0tgghx4-6bac726dee402ae587e6e712136acc55 '   itemscope=\"itemscope\" itemtype=\"https:\/\/schema.org\/CreativeWork\" ><div class='avia_textblock'  itemprop=\"text\" >\n\t<div class=\"contactpersoon\"> \n\t\t\t<img decoding=\"async\" src=\"https:\/\/www.florex.nl\/wp-content\/uploads\/2023\/02\/20190805-RAS_0405_rezise-aspect-ratio-450-600-2.jpg\">\n\t\t<div class=\"\">\t\t\n\t\t\t<div class=\"contactpersoon_informatie\">\t\n\t\t\t\t<h4 class=\"\">Gertjan Klumpenhouwer<\/h4>\n\t\t\t\t<p class=\"\">Gesch\u00e4ftsf\u00fchrer, Eigent\u00fcmer<\/p>\n\t\t\t\t<p><a class=\"telefoon\" href=\"tel:+31 228 5300 73\">+31 228 5300 73<\/a><\/p>\t\t\t\n\t\t\t\t<p><a class=\"mailadres\" href=\"mailto:g.klumpenhouwer@florex.nl\">g.klumpenhouwer@florex.nl<\/a><\/p>\t\t\n\t\t\t<\/div>\n\t\t<\/div>\n\t<\/div>\t\t\n\n\t<div class=\"contactpersoon\"> \n\t\t\t<img decoding=\"async\" src=\"https:\/\/www.florex.nl\/wp-content\/uploads\/2023\/02\/20181010-RAS_2341-aspect-ratio-450-600.jpg\">\n\t\t<div class=\"\">\t\t\n\t\t\t<div class=\"contactpersoon_informatie\">\t\n\t\t\t\t<h4 class=\"\">Wim Klumpenhouwer<\/h4>\n\t\t\t\t<p class=\"\">Verkaufsleiter, Eigent\u00fcmer<\/p>\n\t\t\t\t<p><a class=\"telefoon\" href=\"tel:+31 228 5300 72\">+31 228 5300 72<\/a><\/p>\t\t\t\n\t\t\t\t<p><a class=\"mailadres\" href=\"mailto:w.klumpenhouwer@florex.nl\">w.klumpenhouwer@florex.nl<\/a><\/p>\t\t\n\t\t\t<\/div>\n\t\t<\/div>\n\t<\/div>\t\t\n\n\t<div class=\"contactpersoon\"> \n\t\t\t<img decoding=\"async\" src=\"https:\/\/www.florex.nl\/wp-content\/uploads\/2022\/03\/arthur-gitzels-florex-aspect-ratio-450-600.jpeg\">\n\t\t<div class=\"\">\t\t\n\t\t\t<div class=\"contactpersoon_informatie\">\t\n\t\t\t\t<h4 class=\"\">Arthur Gitzels<\/h4>\n\t\t\t\t<p class=\"\">Export Manager<\/p>\n\t\t\t\t<p><a class=\"telefoon\" href=\"tel:+31 228 5300 78\">+31 228 5300 78<\/a><\/p>\t\t\t\n\t\t\t\t<p><a class=\"mailadres\" href=\"mailto:a.gitzels@florex.nl\">a.gitzels@florex.nl<\/a><\/p>\t\t\n\t\t\t<\/div>\n\t\t<\/div>\n\t<\/div>\t\t\n\n\t<div class=\"contactpersoon\"> \n\t\t\t<img decoding=\"async\" src=\"https:\/\/www.florex.nl\/wp-content\/uploads\/2022\/03\/ton-huisman-florex-aspect-ratio-450-600.jpeg\">\n\t\t<div class=\"\">\t\t\n\t\t\t<div class=\"contactpersoon_informatie\">\t\n\t\t\t\t<h4 class=\"\">Ton Huisman<\/h4>\n\t\t\t\t<p class=\"\">Seviceleiter<\/p>\n\t\t\t\t<p><a class=\"telefoon\" href=\"tel:+31 228 5300 76\">+31 228 5300 76<\/a><\/p>\t\t\t\n\t\t\t\t<p><a class=\"mailadres\" href=\"mailto:t.huisman@florex.nl\">t.huisman@florex.nl<\/a><\/p>\t\t\n\t\t\t<\/div>\n\t\t<\/div>\n\t<\/div>\t\t\n\n\t<div class=\"contactpersoon\"> \n\t\t\t<img decoding=\"async\" src=\"https:\/\/www.florex.nl\/wp-content\/uploads\/2022\/03\/anouk_website-e1746089064194.jpg\">\n\t\t<div class=\"\">\t\t\n\t\t\t<div class=\"contactpersoon_informatie\">\t\n\t\t\t\t<h4 class=\"\">Anouk van der Fluit<\/h4>\n\t\t\t\t<p class=\"\">Account Manager<\/p>\n\t\t\t\t<p><a class=\"telefoon\" href=\"tel:+31 228 760770\">+31 228 760770<\/a><\/p>\t\t\t\n\t\t\t\t<p><a class=\"mailadres\" href=\"mailto:a.vanderfluit@florex.nl\">a.vanderfluit@florex.nl<\/a><\/p>\t\t\n\t\t\t<\/div>\n\t\t<\/div>\n\t<\/div>\t\t\n\n\t<div class=\"contactpersoon\"> \n\t\t\t<img decoding=\"async\" src=\"https:\/\/www.florex.nl\/wp-content\/uploads\/2024\/10\/iris_website-1.jpg\">\n\t\t<div class=\"\">\t\t\n\t\t\t<div class=\"contactpersoon_informatie\">\t\n\t\t\t\t<h4 class=\"\">Iris de Jong<\/h4>\n\t\t\t\t<p class=\"\">Order Manager<\/p>\n\t\t\t\t<p><a class=\"telefoon\" href=\"tel:+31 228 530070\">+31 228 530070<\/a><\/p>\t\t\t\n\t\t\t\t<p><a class=\"mailadres\" href=\"mailto:i.dejong@florex.nl\">i.dejong@florex.nl<\/a><\/p>\t\t\n\t\t\t<\/div>\n\t\t<\/div>\n\t<\/div>\t\t\n\n\t<div class=\"contactpersoon\"> \n\t\t\t<img decoding=\"async\" src=\"https:\/\/www.florex.nl\/wp-content\/uploads\/2023\/02\/tom_website.jpg\">\n\t\t<div class=\"\">\t\t\n\t\t\t<div class=\"contactpersoon_informatie\">\t\n\t\t\t\t<h4 class=\"\">Tom Besseling<\/h4>\n\t\t\t\t<p class=\"\">Order Manager<\/p>\n\t\t\t\t<p><a class=\"telefoon\" href=\"tel:+31 228530074\">+31 228530074<\/a><\/p>\t\t\t\n\t\t\t\t<p><a class=\"mailadres\" href=\"mailto:t.besseling@florex.nl\">t.besseling@florex.nl<\/a><\/p>\t\t\n\t\t\t<\/div>\n\t\t<\/div>\n\t<\/div>\t\t\n\n\t<div class=\"contactpersoon\"> \n\t\t\t<img decoding=\"async\" src=\"https:\/\/www.florex.nl\/wp-content\/uploads\/2022\/03\/niels_website.jpg\">\n\t\t<div class=\"\">\t\t\n\t\t\t<div class=\"contactpersoon_informatie\">\t\n\t\t\t\t<h4 class=\"\">Niels Bruine de Bruin<\/h4>\n\t\t\t\t<p class=\"\">Einkauf Verpackungen<\/p>\n\t\t\t\t<p><a class=\"telefoon\" href=\"tel:+31 228 760771\">+31 228 760771<\/a><\/p>\t\t\t\n\t\t\t\t<p><a class=\"mailadres\" href=\"mailto:n.bruinedebruin@florex.nl\">n.bruinedebruin@florex.nl<\/a><\/p>\t\t\n\t\t\t<\/div>\n\t\t<\/div>\n\t<\/div>\t\t\n\n\t<div class=\"contactpersoon\"> \n\t\t\t<img decoding=\"async\" src=\"https:\/\/www.florex.nl\/wp-content\/uploads\/2025\/05\/josien-groot-florex-aspect-ratio-450-600.jpeg\">\n\t\t<div class=\"\">\t\t\n\t\t\t<div class=\"contactpersoon_informatie\">\t\n\t\t\t\t<h4 class=\"\">Josien Groot<\/h4>\n\t\t\t\t<p class=\"\">Manager Produktentwicklung<\/p>\n\t\t\t\t<p><a class=\"telefoon\" href=\"tel:+31 228 5300 74\">+31 228 5300 74<\/a><\/p>\t\t\t\n\t\t\t\t<p><a class=\"mailadres\" href=\"mailto:j.groot@florex.nl\">j.groot@florex.nl<\/a><\/p>\t\t\n\t\t\t<\/div>\n\t\t<\/div>\n\t<\/div>\t\t\n\n\t<div class=\"contactpersoon\"> \n\t\t\t<img decoding=\"async\" src=\"https:\/\/www.florex.nl\/wp-content\/uploads\/2025\/05\/koert_website.jpg\">\n\t\t<div class=\"\">\t\t\n\t\t\t<div class=\"contactpersoon_informatie\">\t\n\t\t\t\t<h4 class=\"\">Koert Stadman<\/h4>\n\t\t\t\t<p class=\"\">Einkaufsverwaltung<\/p>\n\t\t\t\t<p><a class=\"telefoon\" href=\"tel:+31 228 760773\">+31 228 760773<\/a><\/p>\t\t\t\n\t\t\t\t<p><a class=\"mailadres\" href=\"mailto:k.stadman@florex.nl\">k.stadman@florex.nl<\/a><\/p>\t\t\n\t\t\t<\/div>\n\t\t<\/div>\n\t<\/div>\t\t\n\n\t<div class=\"contactpersoon\"> \n\t\t\t<img decoding=\"async\" src=\"https:\/\/www.florex.nl\/wp-content\/uploads\/2025\/05\/angela_website.jpg\">\n\t\t<div class=\"\">\t\t\n\t\t\t<div class=\"contactpersoon_informatie\">\t\n\t\t\t\t<h4 class=\"\">Angela Bijman<\/h4>\n\t\t\t\t<p class=\"\">Graphic design<\/p>\n\t\t\t\t<p><a class=\"telefoon\" href=\"tel:+31 228 530074\">+31 228 530074<\/a><\/p>\t\t\t\n\t\t\t\t<p><a class=\"mailadres\" href=\"mailto:a.bijman@florex.nl\">a.bijman@florex.nl<\/a><\/p>\t\t\n\t\t\t<\/div>\n\t\t<\/div>\n\t<\/div>\t\t\n\n\t<div class=\"contactpersoon\"> \n\t\t\t<img decoding=\"async\" src=\"https:\/\/www.florex.nl\/wp-content\/uploads\/2022\/03\/anita_website.jpg\">\n\t\t<div class=\"\">\t\t\n\t\t\t<div class=\"contactpersoon_informatie\">\t\n\t\t\t\t<h4 class=\"\">Anita van Meersbergen<\/h4>\n\t\t\t\t<p class=\"\">Finanzverwaltung<\/p>\n\t\t\t\t<p><a class=\"telefoon\" href=\"tel:+31 228 760772\">+31 228 760772<\/a><\/p>\t\t\t\n\t\t\t\t<p><a class=\"mailadres\" href=\"mailto:a.vanmeersbergen@florex.nl\">a.vanmeersbergen@florex.nl<\/a><\/p>\t\t\n\t\t\t<\/div>\n\t\t<\/div>\n\t<\/div>\t\t\n\n\t<div class=\"contactpersoon\"> \n\t\t\t<img decoding=\"async\" src=\"https:\/\/www.florex.nl\/wp-content\/uploads\/2023\/06\/gera_website-1.jpg\">\n\t\t<div class=\"\">\t\t\n\t\t\t<div class=\"contactpersoon_informatie\">\t\n\t\t\t\t<h4 class=\"\">Gera van Aalst<\/h4>\n\t\t\t\t<p class=\"\">Verkauf Au\u00dfendienst<\/p>\n\t\t\t\t<p><a class=\"telefoon\" href=\"tel:+31 683228598\">+31 683228598<\/a><\/p>\t\t\t\n\t\t\t\t<p><a class=\"mailadres\" href=\"mailto:g.vanaalst@florex.nl\">g.vanaalst@florex.nl<\/a><\/p>\t\t\n\t\t\t<\/div>\n\t\t<\/div>\n\t<\/div>\t\t\n\n\t<div class=\"contactpersoon\"> \n\t\t\t<img decoding=\"async\" src=\"https:\/\/www.florex.nl\/wp-content\/uploads\/2023\/02\/20181010-RAS_2286-aspect-ratio-450-600-1.jpg\">\n\t\t<div class=\"\">\t\t\n\t\t\t<div class=\"contactpersoon_informatie\">\t\n\t\t\t\t<h4 class=\"\">Dawid Czanguleit<\/h4>\n\t\t\t\t<p class=\"\">Betriebsleiter<\/p>\n\t\t\t\t<p><a class=\"telefoon\" href=\"tel:+31 228 760773\">+31 228 760773<\/a><\/p>\t\t\t\n\t\t\t\t<p><a class=\"mailadres\" href=\"mailto:d.czanguleit@florex.nl\">d.czanguleit@florex.nl<\/a><\/p>\t\t\n\t\t\t<\/div>\n\t\t<\/div>\n\t<\/div>\t\t\n\n<\/div><\/section><\/p><\/div>\n","protected":false},"excerpt":{"rendered":"","protected":false},"author":8,"featured_media":0,"parent":0,"menu_order":0,"comment_status":"closed","ping_status":"closed","template":"","meta":{"_acf_changed":false,"inline_featured_image":false,"footnotes":""},"class_list":["post-2281","page","type-page","status-publish","hentry"],"acf":[],"yoast_head":"<!-- This site is optimized with the Yoast SEO plugin v27.1.1 - https:\/\/yoast.com\/product\/yoast-seo-wordpress\/ -->\n<title>Kontakte - Florex<\/title>\n<meta name=\"robots\" content=\"index, follow, max-snippet:-1, max-image-preview:large, max-video-preview:-1\" \/>\n<link rel=\"canonical\" href=\"https:\/\/www.florex.nl\/de\/contactpersonen\/\" \/>\n<meta property=\"og:locale\" content=\"de_DE\" \/>\n<meta property=\"og:type\" content=\"article\" \/>\n<meta property=\"og:title\" content=\"Kontakte - Florex\" \/>\n<meta property=\"og:url\" content=\"https:\/\/www.florex.nl\/de\/contactpersonen\/\" \/>\n<meta property=\"og:site_name\" content=\"Florex\" \/>\n<meta property=\"article:modified_time\" content=\"2023-03-11T11:33:47+00:00\" \/>\n<meta name=\"twitter:card\" content=\"summary_large_image\" \/>\n<meta name=\"twitter:label1\" content=\"Gesch\u00e4tzte Lesezeit\" \/>\n\t<meta name=\"twitter:data1\" content=\"1\u00a0Minute\" \/>\n<script type=\"application\/ld+json\" class=\"yoast-schema-graph\">{\"@context\":\"https:\/\/schema.org\",\"@graph\":[{\"@type\":\"WebPage\",\"@id\":\"https:\/\/www.florex.nl\/de\/contactpersonen\/\",\"url\":\"https:\/\/www.florex.nl\/de\/contactpersonen\/\",\"name\":\"Kontakte - Florex\",\"isPartOf\":{\"@id\":\"https:\/\/www.florex.nl\/#website\"},\"datePublished\":\"2022-03-16T11:03:30+00:00\",\"dateModified\":\"2023-03-11T11:33:47+00:00\",\"breadcrumb\":{\"@id\":\"https:\/\/www.florex.nl\/de\/contactpersonen\/#breadcrumb\"},\"inLanguage\":\"de\",\"potentialAction\":[{\"@type\":\"ReadAction\",\"target\":[\"https:\/\/www.florex.nl\/de\/contactpersonen\/\"]}]},{\"@type\":\"BreadcrumbList\",\"@id\":\"https:\/\/www.florex.nl\/de\/contactpersonen\/#breadcrumb\",\"itemListElement\":[{\"@type\":\"ListItem\",\"position\":1,\"name\":\"Home\",\"item\":\"https:\/\/www.florex.nl\/de\/home\/\"},{\"@type\":\"ListItem\",\"position\":2,\"name\":\"Kontakte\"}]},{\"@type\":\"WebSite\",\"@id\":\"https:\/\/www.florex.nl\/#website\",\"url\":\"https:\/\/www.florex.nl\/\",\"name\":\"Florex\",\"description\":\"\",\"potentialAction\":[{\"@type\":\"SearchAction\",\"target\":{\"@type\":\"EntryPoint\",\"urlTemplate\":\"https:\/\/www.florex.nl\/?s={search_term_string}\"},\"query-input\":{\"@type\":\"PropertyValueSpecification\",\"valueRequired\":true,\"valueName\":\"search_term_string\"}}],\"inLanguage\":\"de\"}]}<\/script>\n<!-- \/ Yoast SEO plugin. -->","yoast_head_json":{"title":"Kontakte - Florex","robots":{"index":"index","follow":"follow","max-snippet":"max-snippet:-1","max-image-preview":"max-image-preview:large","max-video-preview":"max-video-preview:-1"},"canonical":"https:\/\/www.florex.nl\/de\/contactpersonen\/","og_locale":"de_DE","og_type":"article","og_title":"Kontakte - Florex","og_url":"https:\/\/www.florex.nl\/de\/contactpersonen\/","og_site_name":"Florex","article_modified_time":"2023-03-11T11:33:47+00:00","twitter_card":"summary_large_image","twitter_misc":{"Gesch\u00e4tzte Lesezeit":"1\u00a0Minute"},"schema":{"@context":"https:\/\/schema.org","@graph":[{"@type":"WebPage","@id":"https:\/\/www.florex.nl\/de\/contactpersonen\/","url":"https:\/\/www.florex.nl\/de\/contactpersonen\/","name":"Kontakte - Florex","isPartOf":{"@id":"https:\/\/www.florex.nl\/#website"},"datePublished":"2022-03-16T11:03:30+00:00","dateModified":"2023-03-11T11:33:47+00:00","breadcrumb":{"@id":"https:\/\/www.florex.nl\/de\/contactpersonen\/#breadcrumb"},"inLanguage":"de","potentialAction":[{"@type":"ReadAction","target":["https:\/\/www.florex.nl\/de\/contactpersonen\/"]}]},{"@type":"BreadcrumbList","@id":"https:\/\/www.florex.nl\/de\/contactpersonen\/#breadcrumb","itemListElement":[{"@type":"ListItem","position":1,"name":"Home","item":"https:\/\/www.florex.nl\/de\/home\/"},{"@type":"ListItem","position":2,"name":"Kontakte"}]},{"@type":"WebSite","@id":"https:\/\/www.florex.nl\/#website","url":"https:\/\/www.florex.nl\/","name":"Florex","description":"","potentialAction":[{"@type":"SearchAction","target":{"@type":"EntryPoint","urlTemplate":"https:\/\/www.florex.nl\/?s={search_term_string}"},"query-input":{"@type":"PropertyValueSpecification","valueRequired":true,"valueName":"search_term_string"}}],"inLanguage":"de"}]}},"_links":{"self":[{"href":"https:\/\/www.florex.nl\/de\/wp-json\/wp\/v2\/pages\/2281","targetHints":{"allow":["GET"]}}],"collection":[{"href":"https:\/\/www.florex.nl\/de\/wp-json\/wp\/v2\/pages"}],"about":[{"href":"https:\/\/www.florex.nl\/de\/wp-json\/wp\/v2\/types\/page"}],"author":[{"embeddable":true,"href":"https:\/\/www.florex.nl\/de\/wp-json\/wp\/v2\/users\/8"}],"replies":[{"embeddable":true,"href":"https:\/\/www.florex.nl\/de\/wp-json\/wp\/v2\/comments?post=2281"}],"version-history":[{"count":2,"href":"https:\/\/www.florex.nl\/de\/wp-json\/wp\/v2\/pages\/2281\/revisions"}],"predecessor-version":[{"id":2283,"href":"https:\/\/www.florex.nl\/de\/wp-json\/wp\/v2\/pages\/2281\/revisions\/2283"}],"wp:attachment":[{"href":"https:\/\/www.florex.nl\/de\/wp-json\/wp\/v2\/media?parent=2281"}],"curies":[{"name":"wp","href":"https:\/\/api.w.org\/{rel}","templated":true}]}}